{"id":4395,"date":"2018-03-12T11:22:09","date_gmt":"2018-03-12T10:22:09","guid":{"rendered":"https:\/\/graf.cat\/info\/quienes-son-graf\/"},"modified":"2024-10-02T18:14:01","modified_gmt":"2024-10-02T16:14:01","slug":"quienes-son-graf","status":"publish","type":"page","link":"https:\/\/graf.cat\/es\/info\/quienes-son-graf\/","title":{"rendered":"GRAF somos"},"content":{"rendered":"<p><span style=\"font-weight: 400;\">GRAF eres t\u00fa cada vez que visitas la agenda<br \/>\n<\/span><span style=\"font-weight: 400;\">GRAF es cada una de las entidades que hacen GRAF.<br \/>\n<\/span><span style=\"font-weight: 400;\">GRAF es la plataforma que conecta los espacios con los p\u00fablicos.<\/span><\/p>\n<p>Consulta toda la comunidad que ha configurado GRAF al apartado <a href=\"http:\/\/graf.cat\/es\/espais\/\">Espacios<\/a>.<\/p>\n<p>Para m\u00e1s informaci\u00f3n ponte en contacto con <a href=\"mailto:info@graf.cat\">info@graf.cat<\/a><\/p>\n","protected":false},"excerpt":{"rendered":"<p>GRAF eres t\u00fa cada vez que visitas la agenda GRAF es cada una de las entidades que hacen GRAF. GRAF es la plataforma que conecta los espacios con los p\u00fablicos. Consulta toda la comunidad que ha configurado GRAF al apartado Espacios. Para m\u00e1s informaci\u00f3n ponte en contacto con info@graf.cat<\/p>\n","protected":false},"author":1,"featured_media":0,"parent":4389,"menu_order":3,"comment_status":"closed","ping_status":"closed","template":"","meta":{"_acf_changed":false,"_monsterinsights_skip_tracking":false,"_monsterinsights_sitenote_active":false,"_monsterinsights_sitenote_note":"","_monsterinsights_sitenote_category":0,"footnotes":""},"class_list":["post-4395","page","type-page","status-publish","hentry"],"acf":[],"_links":{"self":[{"href":"https:\/\/graf.cat\/es\/wp-json\/wp\/v2\/pages\/4395","targetHints":{"allow":["GET"]}}],"collection":[{"href":"https:\/\/graf.cat\/es\/wp-json\/wp\/v2\/pages"}],"about":[{"href":"https:\/\/graf.cat\/es\/wp-json\/wp\/v2\/types\/page"}],"author":[{"embeddable":true,"href":"https:\/\/graf.cat\/es\/wp-json\/wp\/v2\/users\/1"}],"replies":[{"embeddable":true,"href":"https:\/\/graf.cat\/es\/wp-json\/wp\/v2\/comments?post=4395"}],"version-history":[{"count":9,"href":"https:\/\/graf.cat\/es\/wp-json\/wp\/v2\/pages\/4395\/revisions"}],"predecessor-version":[{"id":41978,"href":"https:\/\/graf.cat\/es\/wp-json\/wp\/v2\/pages\/4395\/revisions\/41978"}],"up":[{"embeddable":true,"href":"https:\/\/graf.cat\/es\/wp-json\/wp\/v2\/pages\/4389"}],"wp:attachment":[{"href":"https:\/\/graf.cat\/es\/wp-json\/wp\/v2\/media?parent=4395"}],"curies":[{"name":"wp","href":"https:\/\/api.w.org\/{rel}","templated":true}]}}