{"id":4397,"date":"2018-03-12T11:22:53","date_gmt":"2018-03-12T10:22:53","guid":{"rendered":"https:\/\/graf.cat\/info\/equipo\/"},"modified":"2025-03-26T13:40:14","modified_gmt":"2025-03-26T11:40:14","slug":"equipo","status":"publish","type":"page","link":"https:\/\/graf.cat\/es\/info\/equipo\/","title":{"rendered":"Equipo"},"content":{"rendered":"<p>Equipo GRAF :<br \/>\nPilar Cruz, Noe Laviana, Sandra Costa, Arantxa Zulema y Marc Vives.<\/p>\n<p>Apoyo en comunicaci\u00f3n: Sergio Rodr\u00edguez<\/p>\n<p>Dise\u00f1o de identidad y web:<br \/>\nOficina de Dise\u00f1o (Diego Bustamante, Ariadna Serrahima).<br \/>\nAsesoramiento y comunicaci\u00f3n digital: Mar\u00eda Carvajal.<br \/>\nSubvenciones: Oscar de la Fuente.<br \/>\nProgramaci\u00f3n web: Andreu Llos.<\/p>\n<p>Han formado parte del equipo GRAF:<br \/>\nPep Vidal, direcci\u00f3n.<br \/>\nLuz Broto, direcci\u00f3n.<br \/>\nGerald Kogler, programaci\u00f3n web.<br \/>\nKatharina Hetzeneder (Oficina de Dise\u00f1o).<br \/>\nM\u00f3nica P\u00e9rez, contabilidad.<br \/>\nBerta Canela, comunicaci\u00f3n.<br \/>\nJulieta Dentone, coordinaci\u00f3n y acompa\u00f1amiento de espacios.<br \/>\nAlba Riera, social media por la comunicaci\u00f3n cultural.<br \/>\nRicardo Oliva, an\u00e1lisis de redes sociales y contenido digital.<br \/>\nMaria Elisa Gomez, calendario.<br \/>\nAnna Gotsens, comunicaci\u00f3n y xxss.<br \/>\nBernat Daviu, traducciones ingl\u00e9s.<br \/>\nJudith L\u00f3pez, calendario.<br \/>\nMarc Permanyer, programaci\u00f3n web.<\/p>\n","protected":false},"excerpt":{"rendered":"<p>Equipo GRAF : Pilar Cruz, Noe Laviana, Sandra Costa, Arantxa Zulema y Marc Vives. Apoyo en comunicaci\u00f3n: Sergio Rodr\u00edguez Dise\u00f1o de identidad y web: Oficina de Dise\u00f1o (Diego Bustamante, Ariadna Serrahima). Asesoramiento y comunicaci\u00f3n digital: Mar\u00eda Carvajal. Subvenciones: Oscar de la Fuente. Programaci\u00f3n web: Andreu Llos. Han formado parte del equipo GRAF: Pep Vidal, direcci\u00f3n. [&hellip;]<\/p>\n","protected":false},"author":1,"featured_media":0,"parent":4389,"menu_order":4,"comment_status":"closed","ping_status":"closed","template":"","meta":{"_acf_changed":false,"_monsterinsights_skip_tracking":false,"_monsterinsights_sitenote_active":false,"_monsterinsights_sitenote_note":"","_monsterinsights_sitenote_category":0,"footnotes":""},"class_list":["post-4397","page","type-page","status-publish","hentry"],"acf":[],"_links":{"self":[{"href":"https:\/\/graf.cat\/es\/wp-json\/wp\/v2\/pages\/4397","targetHints":{"allow":["GET"]}}],"collection":[{"href":"https:\/\/graf.cat\/es\/wp-json\/wp\/v2\/pages"}],"about":[{"href":"https:\/\/graf.cat\/es\/wp-json\/wp\/v2\/types\/page"}],"author":[{"embeddable":true,"href":"https:\/\/graf.cat\/es\/wp-json\/wp\/v2\/users\/1"}],"replies":[{"embeddable":true,"href":"https:\/\/graf.cat\/es\/wp-json\/wp\/v2\/comments?post=4397"}],"version-history":[{"count":21,"href":"https:\/\/graf.cat\/es\/wp-json\/wp\/v2\/pages\/4397\/revisions"}],"predecessor-version":[{"id":46567,"href":"https:\/\/graf.cat\/es\/wp-json\/wp\/v2\/pages\/4397\/revisions\/46567"}],"up":[{"embeddable":true,"href":"https:\/\/graf.cat\/es\/wp-json\/wp\/v2\/pages\/4389"}],"wp:attachment":[{"href":"https:\/\/graf.cat\/es\/wp-json\/wp\/v2\/media?parent=4397"}],"curies":[{"name":"wp","href":"https:\/\/api.w.org\/{rel}","templated":true}]}}