{"id":4401,"date":"2018-03-12T11:23:54","date_gmt":"2018-03-12T10:23:54","guid":{"rendered":"https:\/\/graf.cat\/area-graf\/"},"modified":"2018-04-19T22:26:30","modified_gmt":"2018-04-19T21:26:30","slug":"area-graf","status":"publish","type":"page","link":"https:\/\/graf.cat\/es\/area-graf\/","title":{"rendered":"\u00c1rea GRAF"},"content":{"rendered":"<h2>GRAF es la herramienta para mejorar la comunicaci\u00f3n y coordinaci\u00f3n entre los espacios de creaci\u00f3n contempor\u00e1nea de Catalu\u00f1a. La agenda de quienes comparten agenda. <\/h2>\n","protected":false},"excerpt":{"rendered":"<p>GRAF es la herramienta para mejorar la comunicaci\u00f3n y coordinaci\u00f3n entre los espacios de creaci\u00f3n contempor\u00e1nea de Catalu\u00f1a. La agenda de quienes comparten agenda.<\/p>\n","protected":false},"author":1,"featured_media":0,"parent":0,"menu_order":5,"comment_status":"closed","ping_status":"closed","template":"","meta":{"_acf_changed":false,"_monsterinsights_skip_tracking":false,"_monsterinsights_sitenote_active":false,"_monsterinsights_sitenote_note":"","_monsterinsights_sitenote_category":0,"footnotes":""},"class_list":["post-4401","page","type-page","status-publish","hentry"],"acf":[],"_links":{"self":[{"href":"https:\/\/graf.cat\/es\/wp-json\/wp\/v2\/pages\/4401","targetHints":{"allow":["GET"]}}],"collection":[{"href":"https:\/\/graf.cat\/es\/wp-json\/wp\/v2\/pages"}],"about":[{"href":"https:\/\/graf.cat\/es\/wp-json\/wp\/v2\/types\/page"}],"author":[{"embeddable":true,"href":"https:\/\/graf.cat\/es\/wp-json\/wp\/v2\/users\/1"}],"replies":[{"embeddable":true,"href":"https:\/\/graf.cat\/es\/wp-json\/wp\/v2\/comments?post=4401"}],"version-history":[{"count":1,"href":"https:\/\/graf.cat\/es\/wp-json\/wp\/v2\/pages\/4401\/revisions"}],"predecessor-version":[{"id":4467,"href":"https:\/\/graf.cat\/es\/wp-json\/wp\/v2\/pages\/4401\/revisions\/4467"}],"wp:attachment":[{"href":"https:\/\/graf.cat\/es\/wp-json\/wp\/v2\/media?parent=4401"}],"curies":[{"name":"wp","href":"https:\/\/api.w.org\/{rel}","templated":true}]}}