{"id":5083,"date":"2018-06-12T21:20:35","date_gmt":"2018-06-12T20:20:35","guid":{"rendered":"https:\/\/graf.cat\/?page_id=5083"},"modified":"2024-10-02T13:11:04","modified_gmt":"2024-10-02T11:11:04","slug":"politica-de-privacidad","status":"publish","type":"page","link":"https:\/\/graf.cat\/es\/info\/politica-de-privacidad\/","title":{"rendered":"Pol\u00edtica de privacidad"},"content":{"rendered":"<p>GRAF se compromete\u00a0a salvaguardar la privacidad de los datos personales introducidos a trav\u00e9s de su p\u00e1gina web graf.cat.<\/p>\n<p>Cuando te das de alta en nuestras listas de correo te pedimos tu correo electr\u00f3nico. El objetivo de la recogida de estos datos es el de poder enviarte un bolet\u00edn mensual con informaci\u00f3n de la programaci\u00f3n de los espacios que forman parte de GRAF y otras noticias de GRAF.<\/p>\n<p>Por medio de Google Analytics tenemos acceso a informaci\u00f3n sobre la procedencia del usuario\/a de la nuestro p\u00e1gina web: fecha y hora de acceso en nuestra web, la direcci\u00f3n de Internet desde la que se origin\u00f3 el enlace a nuestra p\u00e1gina web y el n\u00famero de visitantes diarios. La informaci\u00f3n obtenida es an\u00f3nima y no puede ser asociada a uno\/a usuario\/a en concreto.<\/p>\n<p>En nuestra p\u00e1gina web usamos cookies, peque\u00f1os fichero de datos que se generan en el ordenador del usuario\/a, para que el pop up con el mensaje de portada aparezca solo una vez al d\u00eda. El\/la usuario\/a puede modificar la configuraci\u00f3n de su navegador para impedir la instalaci\u00f3n de cookies.<\/p>\n<p>Siempre que lo desees podr\u00e1s acceder, actualizar o borrar tu informaci\u00f3n, tan s\u00f3lo tienes que ponerte en contacto con nosotros enviando un correo electr\u00f3nico info(at)graf.cat, o modificando tu suscripci\u00f3n a trav\u00e9s de Mailchimp desde uno de nuestros boletines mensualse.<\/p>\n","protected":false},"excerpt":{"rendered":"<p>GRAF se compromete\u00a0a salvaguardar la privacidad de los datos personales introducidos a trav\u00e9s de su p\u00e1gina web graf.cat. Cuando te das de alta en nuestras listas de correo te pedimos tu correo electr\u00f3nico. El objetivo de la recogida de estos datos es el de poder enviarte un bolet\u00edn mensual con informaci\u00f3n de la programaci\u00f3n de [&hellip;]<\/p>\n","protected":false},"author":57,"featured_media":0,"parent":4389,"menu_order":6,"comment_status":"closed","ping_status":"closed","template":"","meta":{"_acf_changed":false,"_monsterinsights_skip_tracking":false,"_monsterinsights_sitenote_active":false,"_monsterinsights_sitenote_note":"","_monsterinsights_sitenote_category":0,"footnotes":""},"class_list":["post-5083","page","type-page","status-publish","hentry"],"acf":[],"_links":{"self":[{"href":"https:\/\/graf.cat\/es\/wp-json\/wp\/v2\/pages\/5083","targetHints":{"allow":["GET"]}}],"collection":[{"href":"https:\/\/graf.cat\/es\/wp-json\/wp\/v2\/pages"}],"about":[{"href":"https:\/\/graf.cat\/es\/wp-json\/wp\/v2\/types\/page"}],"author":[{"embeddable":true,"href":"https:\/\/graf.cat\/es\/wp-json\/wp\/v2\/users\/57"}],"replies":[{"embeddable":true,"href":"https:\/\/graf.cat\/es\/wp-json\/wp\/v2\/comments?post=5083"}],"version-history":[{"count":2,"href":"https:\/\/graf.cat\/es\/wp-json\/wp\/v2\/pages\/5083\/revisions"}],"predecessor-version":[{"id":41967,"href":"https:\/\/graf.cat\/es\/wp-json\/wp\/v2\/pages\/5083\/revisions\/41967"}],"up":[{"embeddable":true,"href":"https:\/\/graf.cat\/es\/wp-json\/wp\/v2\/pages\/4389"}],"wp:attachment":[{"href":"https:\/\/graf.cat\/es\/wp-json\/wp\/v2\/media?parent=5083"}],"curies":[{"name":"wp","href":"https:\/\/api.w.org\/{rel}","templated":true}]}}